{"id":40924,"date":"2025-02-07T10:44:51","date_gmt":"2025-02-07T09:44:51","guid":{"rendered":"https:\/\/www.domaine-onirique.nl\/?page_id=40924"},"modified":"2026-01-27T15:01:06","modified_gmt":"2026-01-27T14:01:06","slug":"blog-lijst","status":"publish","type":"page","link":"https:\/\/www.domaine-onirique.nl\/?page_id=40924","title":{"rendered":"Ons verhaal"},"content":{"rendered":"\t\t<div data-elementor-type=\"wp-page\" data-elementor-id=\"40924\" class=\"elementor elementor-40924\">\n\t\t\t\t\t\t<section class=\"elementor-section elementor-top-section elementor-element elementor-element-cf470f9 elementor-section-boxed elementor-section-height-default elementor-section-height-default\" data-id=\"cf470f9\" data-element_type=\"section\">\n\t\t\t\t\t\t<div class=\"elementor-container elementor-column-gap-default\">\n\t\t\t\t\t<div class=\"elementor-column elementor-col-100 elementor-top-column elementor-element elementor-element-61e6348\" data-id=\"61e6348\" data-element_type=\"column\">\n\t\t\t<div class=\"elementor-widget-wrap elementor-element-populated\">\n\t\t\t\t\t\t<div class=\"elementor-element elementor-element-7209a4e elementor-widget elementor-widget-button\" data-id=\"7209a4e\" data-element_type=\"widget\" data-widget_type=\"button.default\">\n\t\t\t\t<div class=\"elementor-widget-container\">\n\t\t\t\t\t\t\t\t\t<div class=\"elementor-button-wrapper\">\n\t\t\t\t\t<a class=\"elementor-button elementor-button-link elementor-size-sm\" href=\"https:\/\/www.domaine-onirique.nl\/\">\n\t\t\t\t\t\t<span class=\"elementor-button-content-wrapper\">\n\t\t\t\t\t\t\t\t\t<span class=\"elementor-button-text\">Terug naar Home<\/span>\n\t\t\t\t\t<\/span>\n\t\t\t\t\t<\/a>\n\t\t\t\t<\/div>\n\t\t\t\t\t\t\t\t<\/div>\n\t\t\t\t<\/div>\n\t\t\t\t<div class=\"elementor-element elementor-element-e0752b0 elementor-widget elementor-widget-spacer\" data-id=\"e0752b0\" data-element_type=\"widget\" data-widget_type=\"spacer.default\">\n\t\t\t\t<div class=\"elementor-widget-container\">\n\t\t\t\t\t\t\t<div class=\"elementor-spacer\">\n\t\t\t<div class=\"elementor-spacer-inner\"><\/div>\n\t\t<\/div>\n\t\t\t\t\t\t<\/div>\n\t\t\t\t<\/div>\n\t\t\t\t\t<\/div>\n\t\t<\/div>\n\t\t\t\t\t<\/div>\n\t\t<\/section>\n\t\t\t\t<section class=\"elementor-section elementor-top-section elementor-element elementor-element-c03e41d elementor-section-boxed elementor-section-height-default elementor-section-height-default\" data-id=\"c03e41d\" data-element_type=\"section\">\n\t\t\t\t\t\t<div class=\"elementor-container elementor-column-gap-default\">\n\t\t\t\t\t<div class=\"elementor-column elementor-col-50 elementor-top-column elementor-element elementor-element-e157587\" data-id=\"e157587\" data-element_type=\"column\">\n\t\t\t<div class=\"elementor-widget-wrap elementor-element-populated\">\n\t\t\t\t\t\t<div class=\"elementor-element elementor-element-9264a94 elementor-widget elementor-widget-heading\" data-id=\"9264a94\" data-element_type=\"widget\" data-widget_type=\"heading.default\">\n\t\t\t\t<div class=\"elementor-widget-container\">\n\t\t\t\t\t<h2 class=\"elementor-heading-title elementor-size-default\">Ons verhaal<\/h2>\t\t\t\t<\/div>\n\t\t\t\t<\/div>\n\t\t\t\t<div class=\"elementor-element elementor-element-9e12324 elementor-widget__width-initial elementor-widget elementor-widget-text-editor\" data-id=\"9e12324\" data-element_type=\"widget\" data-widget_type=\"text-editor.default\">\n\t\t\t\t<div class=\"elementor-widget-container\">\n\t\t\t\t\t\t\t\t\t<p><b>Welkom bij Domaine Onirique \u2013 ons avontuur in de Dordogne<o:p><\/o:p><\/b><\/p><p>Al meer dan een half jaar zijn wij de trotse eigenaren van\neen Perigord woning in het prachtige hart van de Dordogne.<o:p><\/o:p><\/p><p>Ons avontuur begon met een droom, een plan en talloze\nbezoeken en keuzes. Vandaag de dag genieten we van de groene velden en bossen.\nDe Dordogne biedt wat wij zochten: een perfecte mix van rust, cultuur, sport en\navontuur. We ontdekken nieuwe plekjes, ontmoeten vriendelijke mensen en\ngenieten van het Franse leven. We verwonderen ons over de adembenemende\nuitzichten, de rijke geschiedenis \u00e9n de culinaire Franse keuken.<o:p><\/o:p><\/p><p>Ons doel: een huis dat we helemaal omtoveren tot ons\ndroomhuis. Een plek waar wij ons thuis voelen \u00e9n waar we onze passie voor\ngastvrijheid kunnen delen. Het huis krijgt meerdere g\u00eetes: gezellige\nvakantieverblijven waar familie, vrienden en gasten kunnen genieten van de\nunieke omgeving.<o:p><\/o:p><\/p><p>Onze g\u00eetes worden een weerspiegeling van wie we zijn:\ngezellig, warm, comfortabel en verbonden met de natuur. Hier kun je \u00e9cht tot\nrust komen, genieten van ruimte en het eenvoudige plezier van het Franse\nplattelandsleven. Of je nu komt voor een weekendje weg of een langere vakantie,\nwij willen dat iedereen zich welkom voelt en met een glimlach weer naar huis\ngaat.<o:p><\/o:p><\/p><p>Wij nodigen je uit om via de blogs met ons mee te kijken en\nmee te beleven. We nemen je mee op onze reis, van droom naar werkelijkheid, van\nde eerste stappen in de Dordogne tot de momenten die ons leven hier zo\nbijzonder maken. We delen onze ervaringen, foto\u2019s en verhalen over het opbouwen\nvan ons domein en het cre\u00ebren van een plek waar iedereen zich welkom gaat voelen.<br><br>\u00c2 bient\u00f4t!<br><br><em><strong>Karina en Dave<\/strong><\/em><\/p>\t\t\t\t\t\t\t\t<\/div>\n\t\t\t\t<\/div>\n\t\t\t\t<div class=\"elementor-element elementor-element-3e06811 elementor-widget elementor-widget-spacer\" data-id=\"3e06811\" data-element_type=\"widget\" data-widget_type=\"spacer.default\">\n\t\t\t\t<div class=\"elementor-widget-container\">\n\t\t\t\t\t\t\t<div class=\"elementor-spacer\">\n\t\t\t<div class=\"elementor-spacer-inner\"><\/div>\n\t\t<\/div>\n\t\t\t\t\t\t<\/div>\n\t\t\t\t<\/div>\n\t\t\t\t\t<\/div>\n\t\t<\/div>\n\t\t\t\t<div class=\"elementor-column elementor-col-50 elementor-top-column elementor-element elementor-element-0ed681f\" data-id=\"0ed681f\" data-element_type=\"column\">\n\t\t\t<div class=\"elementor-widget-wrap elementor-element-populated\">\n\t\t\t\t\t\t<div class=\"elementor-element elementor-element-076ffcb elementor-widget__width-initial elementor-absolute elementor-widget elementor-widget-image\" data-id=\"076ffcb\" data-element_type=\"widget\" data-settings=\"{&quot;_position&quot;:&quot;absolute&quot;}\" data-widget_type=\"image.default\">\n\t\t\t\t<div class=\"elementor-widget-container\">\n\t\t\t\t\t\t\t\t\t\t\t\t\t\t\t<img fetchpriority=\"high\" decoding=\"async\" width=\"480\" height=\"860\" src=\"https:\/\/www.domaine-onirique.nl\/wp-content\/uploads\/2026\/01\/Screenshot-2026-01-25-at-13.13.18.png\" class=\"attachment-large size-large wp-image-41169\" alt=\"\" srcset=\"https:\/\/www.domaine-onirique.nl\/wp-content\/uploads\/2026\/01\/Screenshot-2026-01-25-at-13.13.18.png 480w, https:\/\/www.domaine-onirique.nl\/wp-content\/uploads\/2026\/01\/Screenshot-2026-01-25-at-13.13.18-167x300.png 167w\" sizes=\"(max-width: 480px) 100vw, 480px\" \/>\t\t\t\t\t\t\t\t\t\t\t\t\t\t\t<\/div>\n\t\t\t\t<\/div>\n\t\t\t\t\t<\/div>\n\t\t<\/div>\n\t\t\t\t\t<\/div>\n\t\t<\/section>\n\t\t\t\t<section class=\"elementor-section elementor-top-section elementor-element elementor-element-23ad950 elementor-section-boxed elementor-section-height-default elementor-section-height-default\" data-id=\"23ad950\" data-element_type=\"section\">\n\t\t\t\t\t\t<div class=\"elementor-container elementor-column-gap-default\">\n\t\t\t\t\t<div class=\"elementor-column elementor-col-100 elementor-top-column elementor-element elementor-element-7e92d8a\" data-id=\"7e92d8a\" data-element_type=\"column\">\n\t\t\t<div class=\"elementor-widget-wrap elementor-element-populated\">\n\t\t\t\t\t\t<div class=\"elementor-element elementor-element-c3aba87 elementor-widget elementor-widget-Wprentals_Recent_Items\" data-id=\"c3aba87\" data-element_type=\"widget\" data-widget_type=\"Wprentals_Recent_Items.default\">\n\t\t\t\t<div class=\"elementor-widget-container\">\n\t\t\t\t\t<div class=\" bottom-post nobutton \" ><div class=\"items_shortcode_wrapper  \"><div itemprop=\"itemListElement\" itemscope itemtype=\"http:\/\/schema.org\/ListItem\" class=\"col-md-4  blog_unit_wrapper\">    \n    <meta itemprop=\"position\" content=\"\" \/>       \n    \n    \n    \n    <div class=\"blog_unit_back full_blog  blog-unit-3 \" data-link=\"https:\/\/www.domaine-onirique.nl\/?p=41238\">\n          \n        <div class=\"listing-unit-img-wrapper\"> <img decoding=\"async\" src=\"https:\/\/www.domaine-onirique.nl\/wp-content\/uploads\/2026\/01\/huis-voorkant-400x314.jpg\" class=\" b-lazy img-responsive\" alt=\"Wat beweegt ons?\" ><\/div>\n        \n        <div class=\"wprentals-blog-unit-content-wrapper\">\n\n            <a itemprop=\"url\"  href=\"https:\/\/www.domaine-onirique.nl\/?p=41238\" class=\"blog-title-link\">\n        <span itemprop=\"name\">Wat beweegt ons?<\/span><\/a>    \n\n            <div class=\"blog-unit-content\"> \n                \u00a0 \u2018Een ontdekkingstocht\u2019 noem ik het: de transformatie van Nederland naar [...]            <\/div>\n\n            \n            <div class=\"category_tagline\">\n                <span class=\"span_widemeta\"> published on  januari 27, 2026<\/span>  \n              \n            <\/div>\n        <\/div>\n    <\/div>    \n<\/div>\n\n<div itemprop=\"itemListElement\" itemscope itemtype=\"http:\/\/schema.org\/ListItem\" class=\"col-md-4  blog_unit_wrapper\">    \n    <meta itemprop=\"position\" content=\"\" \/>       \n    \n    \n    \n    <div class=\"blog_unit_back full_blog  blog-unit-3 \" data-link=\"https:\/\/www.domaine-onirique.nl\/?p=41122\">\n          \n        <div class=\"listing-unit-img-wrapper\"> <img decoding=\"async\" src=\"https:\/\/www.domaine-onirique.nl\/wp-content\/uploads\/2024\/09\/Schermafbeelding-2025-04-23-170913.png\" class=\" b-lazy img-responsive\" alt=\"Hebben we ons droomhuis gevonden&#8230; bijna\" ><\/div>\n        \n        <div class=\"wprentals-blog-unit-content-wrapper\">\n\n            <a itemprop=\"url\"  href=\"https:\/\/www.domaine-onirique.nl\/?p=41122\" class=\"blog-title-link\">\n        <span itemprop=\"name\">Hebben we ons droomhuis gevonden\u2026 bijna<\/span><\/a>    \n\n            <div class=\"blog-unit-content\"> \n                Karin had snel een B&amp;B geregeld vlak bij Lalinde en op zaterdagnacht [...]            <\/div>\n\n            \n            <div class=\"category_tagline\">\n                <span class=\"span_widemeta\"> published on  september 23, 2024<\/span>  \n              \n            <\/div>\n        <\/div>\n    <\/div>    \n<\/div>\n\n<div itemprop=\"itemListElement\" itemscope itemtype=\"http:\/\/schema.org\/ListItem\" class=\"col-md-4  blog_unit_wrapper\">    \n    <meta itemprop=\"position\" content=\"\" \/>       \n    \n    \n    \n    <div class=\"blog_unit_back full_blog  blog-unit-3 \" data-link=\"https:\/\/www.domaine-onirique.nl\/?p=41079\">\n          \n        <div class=\"listing-unit-img-wrapper\"> <img decoding=\"async\" src=\"https:\/\/www.domaine-onirique.nl\/wp-content\/uploads\/2024\/09\/Schermafbeelding-2025-04-23-141513-400x314.png\" class=\" b-lazy img-responsive\" alt=\"Zoeken, bezoeken, verder zoeken\u2026\u2026.\" ><\/div>\n        \n        <div class=\"wprentals-blog-unit-content-wrapper\">\n\n            <a itemprop=\"url\"  href=\"https:\/\/www.domaine-onirique.nl\/?p=41079\" class=\"blog-title-link\">\n        <span itemprop=\"name\">Zoeken, bezoeken, verder zoeken\u2026\u2026.<\/span><\/a>    \n\n            <div class=\"blog-unit-content\"> \n                Waar begin je? Frankrijk is groot, met talloze regio\u2019s, streken en [...]            <\/div>\n\n            \n            <div class=\"category_tagline\">\n                <span class=\"span_widemeta\"> published on  september 23, 2024<\/span>  \n              \n            <\/div>\n        <\/div>\n    <\/div>    \n<\/div>\n\n<div itemprop=\"itemListElement\" itemscope itemtype=\"http:\/\/schema.org\/ListItem\" class=\"col-md-4  blog_unit_wrapper\">    \n    <meta itemprop=\"position\" content=\"\" \/>       \n    \n    \n    \n    <div class=\"blog_unit_back full_blog  blog-unit-3 \" data-link=\"https:\/\/www.domaine-onirique.nl\/?p=41054\">\n          \n        <div class=\"listing-unit-img-wrapper\"> <img decoding=\"async\" src=\"https:\/\/www.domaine-onirique.nl\/wp-content\/uploads\/2025\/02\/Het-moet-ander-400x314.png\" class=\" b-lazy img-responsive\" alt=\"Zo gaan we het dus niet doen?\" ><\/div>\n        \n        <div class=\"wprentals-blog-unit-content-wrapper\">\n\n            <a itemprop=\"url\"  href=\"https:\/\/www.domaine-onirique.nl\/?p=41054\" class=\"blog-title-link\">\n        <span itemprop=\"name\">Zo gaan we het dus niet doen?<\/span><\/a>    \n\n            <div class=\"blog-unit-content\"> \n                Samen weg, even geen zorgen. Dat doet altijd iets met ons. Er komt rust. [...]            <\/div>\n\n            \n            <div class=\"category_tagline\">\n                <span class=\"span_widemeta\"> published on  augustus 20, 2024<\/span>  \n              \n            <\/div>\n        <\/div>\n    <\/div>    \n<\/div>\n\n<div itemprop=\"itemListElement\" itemscope itemtype=\"http:\/\/schema.org\/ListItem\" class=\"col-md-4  blog_unit_wrapper\">    \n    <meta itemprop=\"position\" content=\"\" \/>       \n    \n    \n    \n    <div class=\"blog_unit_back full_blog  blog-unit-3 \" data-link=\"https:\/\/www.domaine-onirique.nl\/?p=41019\">\n          \n        <div class=\"listing-unit-img-wrapper\"> <img decoding=\"async\" src=\"https:\/\/www.domaine-onirique.nl\/wp-content\/uploads\/2024\/06\/keuzes-maken-3-1200-400x314.jpg\" class=\" b-lazy img-responsive\" alt=\"Een nieuwe koers, maar waarheen?\" ><\/div>\n        \n        <div class=\"wprentals-blog-unit-content-wrapper\">\n\n            <a itemprop=\"url\"  href=\"https:\/\/www.domaine-onirique.nl\/?p=41019\" class=\"blog-title-link\">\n        <span itemprop=\"name\">Een nieuwe koers, maar waarheen?<\/span><\/a>    \n\n            <div class=\"blog-unit-content\"> \n                En dan heb je een besluit genomen. Een andere koers. En in mijn hoofd moet [...]            <\/div>\n\n            \n            <div class=\"category_tagline\">\n                <span class=\"span_widemeta\"> published on  juni 20, 2024<\/span>  \n              \n            <\/div>\n        <\/div>\n    <\/div>    \n<\/div>\n\n<div itemprop=\"itemListElement\" itemscope itemtype=\"http:\/\/schema.org\/ListItem\" class=\"col-md-4  blog_unit_wrapper\">    \n    <meta itemprop=\"position\" content=\"\" \/>       \n    \n    \n    \n    <div class=\"blog_unit_back full_blog  blog-unit-3 \" data-link=\"https:\/\/www.domaine-onirique.nl\/?p=40930\">\n          \n        <div class=\"listing-unit-img-wrapper\"> <img decoding=\"async\" src=\"https:\/\/www.domaine-onirique.nl\/wp-content\/uploads\/2025\/02\/planning-2-1280x640-1-400x314.jpeg\" class=\" b-lazy img-responsive\" alt=\"Van droom naar besluit\" ><\/div>\n        \n        <div class=\"wprentals-blog-unit-content-wrapper\">\n\n            <a itemprop=\"url\"  href=\"https:\/\/www.domaine-onirique.nl\/?p=40930\" class=\"blog-title-link\">\n        <span itemprop=\"name\">Van droom naar besluit<\/span><\/a>    \n\n            <div class=\"blog-unit-content\"> \n                Een droom ontstaat ergens in ons brein. Hoe dat precies werkt, weten we nog [...]            <\/div>\n\n            \n            <div class=\"category_tagline\">\n                <span class=\"span_widemeta\"> published on  mei 1, 2024<\/span>  \n              \n            <\/div>\n        <\/div>\n    <\/div>    \n<\/div>\n\n<\/div><\/div>\t\t\t\t<\/div>\n\t\t\t\t<\/div>\n\t\t\t\t\t<\/div>\n\t\t<\/div>\n\t\t\t\t\t<\/div>\n\t\t<\/section>\n\t\t\t\t<section class=\"elementor-section elementor-top-section elementor-element elementor-element-024dca2 elementor-section-boxed elementor-section-height-default elementor-section-height-default\" data-id=\"024dca2\" data-element_type=\"section\">\n\t\t\t\t\t\t<div class=\"elementor-container elementor-column-gap-default\">\n\t\t\t\t\t<div class=\"elementor-column elementor-col-100 elementor-top-column elementor-element elementor-element-6905153\" data-id=\"6905153\" data-element_type=\"column\">\n\t\t\t<div class=\"elementor-widget-wrap elementor-element-populated\">\n\t\t\t\t\t\t<div class=\"elementor-element elementor-element-f362e19 elementor-view-default elementor-widget elementor-widget-icon\" data-id=\"f362e19\" data-element_type=\"widget\" data-widget_type=\"icon.default\">\n\t\t\t\t<div class=\"elementor-widget-container\">\n\t\t\t\t\t\t\t<div class=\"elementor-icon-wrapper\">\n\t\t\t<div class=\"elementor-icon\">\n\t\t\t<svg aria-hidden=\"true\" class=\"e-font-icon-svg e-fas-star\" viewBox=\"0 0 576 512\" xmlns=\"http:\/\/www.w3.org\/2000\/svg\"><path d=\"M259.3 17.8L194 150.2 47.9 171.5c-26.2 3.8-36.7 36.1-17.7 54.6l105.7 103-25 145.5c-4.5 26.3 23.2 46 46.4 33.7L288 439.6l130.7 68.7c23.2 12.2 50.9-7.4 46.4-33.7l-25-145.5 105.7-103c19-18.5 8.5-50.8-17.7-54.6L382 150.2 316.7 17.8c-11.7-23.6-45.6-23.9-57.4 0z\"><\/path><\/svg>\t\t\t<\/div>\n\t\t<\/div>\n\t\t\t\t\t\t<\/div>\n\t\t\t\t<\/div>\n\t\t\t\t\t<\/div>\n\t\t<\/div>\n\t\t\t\t\t<\/div>\n\t\t<\/section>\n\t\t\t\t<\/div>\n\t\t","protected":false},"excerpt":{"rendered":"<p>Terug naar Home Ons verhaal Welkom bij Domaine Onirique \u2013 ons avontuur in de Dordogne Al meer dan een half jaar zijn wij de trotse eigenaren van een Perigord woning in het prachtige hart van de Dordogne. Ons avontuur begon met een droom, een plan en talloze bezoeken en keuzes. Vandaag de dag genieten we &#8230;<\/p>\n","protected":false},"author":1,"featured_media":0,"parent":0,"menu_order":0,"comment_status":"closed","ping_status":"closed","template":"elementor_canvas","meta":{"footnotes":""},"class_list":["post-40924","page","type-page","status-publish","hentry"],"_links":{"self":[{"href":"https:\/\/www.domaine-onirique.nl\/index.php?rest_route=\/wp\/v2\/pages\/40924","targetHints":{"allow":["GET"]}}],"collection":[{"href":"https:\/\/www.domaine-onirique.nl\/index.php?rest_route=\/wp\/v2\/pages"}],"about":[{"href":"https:\/\/www.domaine-onirique.nl\/index.php?rest_route=\/wp\/v2\/types\/page"}],"author":[{"embeddable":true,"href":"https:\/\/www.domaine-onirique.nl\/index.php?rest_route=\/wp\/v2\/users\/1"}],"replies":[{"embeddable":true,"href":"https:\/\/www.domaine-onirique.nl\/index.php?rest_route=%2Fwp%2Fv2%2Fcomments&post=40924"}],"version-history":[{"count":41,"href":"https:\/\/www.domaine-onirique.nl\/index.php?rest_route=\/wp\/v2\/pages\/40924\/revisions"}],"predecessor-version":[{"id":41243,"href":"https:\/\/www.domaine-onirique.nl\/index.php?rest_route=\/wp\/v2\/pages\/40924\/revisions\/41243"}],"wp:attachment":[{"href":"https:\/\/www.domaine-onirique.nl\/index.php?rest_route=%2Fwp%2Fv2%2Fmedia&parent=40924"}],"curies":[{"name":"wp","href":"https:\/\/api.w.org\/{rel}","templated":true}]}}